{"id":124,"date":"2025-06-01T17:56:51","date_gmt":"2025-06-01T17:56:51","guid":{"rendered":"https:\/\/dev.aeroclubdedax.fr\/?post_type=product&#038;p=124"},"modified":"2026-04-08T14:08:01","modified_gmt":"2026-04-08T14:08:01","slug":"vol-decouverte-1-personne-j3","status":"publish","type":"product","link":"https:\/\/aeroclubdedax.fr\/?product=vol-decouverte-1-personne-j3","title":{"rendered":"Vol d\u00e9couverte 1 personne \u2013 J3"},"content":{"rendered":"<p>[et_pb_section fb_built=\u00a0\u00bb1&Prime; _builder_version=\u00a0\u00bb4.16&Prime; custom_padding=\u00a0\u00bb0px||||false|false\u00a0\u00bb global_colors_info=\u00a0\u00bb{}\u00a0\u00bb][et_pb_row _builder_version=\u00a0\u00bb4.16&Prime; background_size=\u00a0\u00bbinitial\u00a0\u00bb background_position=\u00a0\u00bbtop_left\u00a0\u00bb background_repeat=\u00a0\u00bbrepeat\u00a0\u00bb width=\u00a0\u00bb100%\u00a0\u00bb custom_padding=\u00a0\u00bb0px||0px||false|false\u00a0\u00bb global_colors_info=\u00a0\u00bb{}\u00a0\u00bb][et_pb_column type=\u00a0\u00bb4_4&Prime; _builder_version=\u00a0\u00bb4.16&Prime; custom_padding=\u00a0\u00bb|||\u00a0\u00bb global_colors_info=\u00a0\u00bb{}\u00a0\u00bb custom_padding__hover=\u00a0\u00bb|||\u00a0\u00bb][et_pb_wc_breadcrumb _builder_version=\u00a0\u00bb4.16&Prime; global_colors_info=\u00a0\u00bb{}\u00a0\u00bb][\/et_pb_wc_breadcrumb][et_pb_wc_cart_notice _builder_version=\u00a0\u00bb4.16&Prime; global_colors_info=\u00a0\u00bb{}\u00a0\u00bb][\/et_pb_wc_cart_notice][\/et_pb_column][\/et_pb_row][et_pb_row column_structure=\u00a0\u00bb1_2,1_2&Prime; _builder_version=\u00a0\u00bb4.16&Prime; background_size=\u00a0\u00bbinitial\u00a0\u00bb background_position=\u00a0\u00bbtop_left\u00a0\u00bb background_repeat=\u00a0\u00bbrepeat\u00a0\u00bb width=\u00a0\u00bb100%\u00a0\u00bb custom_padding=\u00a0\u00bb0px||||false|false\u00a0\u00bb global_colors_info=\u00a0\u00bb{}\u00a0\u00bb][et_pb_column type=\u00a0\u00bb1_2&Prime; _builder_version=\u00a0\u00bb4.16&Prime; custom_padding=\u00a0\u00bb|||\u00a0\u00bb global_colors_info=\u00a0\u00bb{}\u00a0\u00bb custom_padding__hover=\u00a0\u00bb|||\u00a0\u00bb][et_pb_wc_images _builder_version=\u00a0\u00bb4.16&Prime; global_colors_info=\u00a0\u00bb{}\u00a0\u00bb][\/et_pb_wc_images][et_pb_wc_related_products columns_number=\u00a0\u00bb2&Prime; _builder_version=\u00a0\u00bb4.27.4&Prime; title_font=\u00a0\u00bb|||on|||||\u00a0\u00bb title_font_size=\u00a0\u00bb17px\u00a0\u00bb product_title_font_size=\u00a0\u00bb18px\u00a0\u00bb custom_padding=\u00a0\u00bb3px|||||\u00a0\u00bb global_colors_info=\u00a0\u00bb{}\u00a0\u00bb][\/et_pb_wc_related_products][\/et_pb_column][et_pb_column type=\u00a0\u00bb1_2&Prime; _builder_version=\u00a0\u00bb4.16&Prime; custom_padding=\u00a0\u00bb|||\u00a0\u00bb global_colors_info=\u00a0\u00bb{}\u00a0\u00bb custom_padding__hover=\u00a0\u00bb|||\u00a0\u00bb][et_pb_wc_title _builder_version=\u00a0\u00bb4.16&Prime; global_colors_info=\u00a0\u00bb{}\u00a0\u00bb][\/et_pb_wc_title][et_pb_wc_rating _builder_version=\u00a0\u00bb4.16&Prime; global_colors_info=\u00a0\u00bb{}\u00a0\u00bb][\/et_pb_wc_rating][et_pb_wc_price _builder_version=\u00a0\u00bb4.16&Prime; global_colors_info=\u00a0\u00bb{}\u00a0\u00bb][\/et_pb_wc_price][et_pb_wc_description _builder_version=\u00a0\u00bb4.16&Prime; global_colors_info=\u00a0\u00bb{}\u00a0\u00bb][\/et_pb_wc_description][et_pb_wc_add_to_cart show_stock=\u00a0\u00bboff\u00a0\u00bb _builder_version=\u00a0\u00bb4.27.4&Prime; global_colors_info=\u00a0\u00bb{}\u00a0\u00bb][\/et_pb_wc_add_to_cart][et_pb_wc_meta _builder_version=\u00a0\u00bb4.16&Prime; global_colors_info=\u00a0\u00bb{}\u00a0\u00bb][\/et_pb_wc_meta][\/et_pb_column][\/et_pb_row][et_pb_row _builder_version=\u00a0\u00bb4.16&Prime; background_size=\u00a0\u00bbinitial\u00a0\u00bb background_position=\u00a0\u00bbtop_left\u00a0\u00bb background_repeat=\u00a0\u00bbrepeat\u00a0\u00bb width=\u00a0\u00bb100%\u00a0\u00bb global_colors_info=\u00a0\u00bb{}\u00a0\u00bb][et_pb_column type=\u00a0\u00bb4_4&Prime; _builder_version=\u00a0\u00bb4.16&Prime; custom_padding=\u00a0\u00bb|||\u00a0\u00bb global_colors_info=\u00a0\u00bb{}\u00a0\u00bb custom_padding__hover=\u00a0\u00bb|||\u00a0\u00bb][et_pb_wc_tabs _builder_version=\u00a0\u00bb4.27.4&Prime; global_colors_info=\u00a0\u00bb{}\u00a0\u00bb]\t\t\t\t\t[\/et_pb_wc_tabs][et_pb_wc_upsells _builder_version=\u00a0\u00bb4.16&Prime; global_colors_info=\u00a0\u00bb{}\u00a0\u00bb][\/et_pb_wc_upsells][\/et_pb_column][\/et_pb_row][\/et_pb_section]<\/p>\n","protected":false},"excerpt":{"rendered":"<p>Vol d\u00e9couverte de la r\u00e9gion. Briefing, 30 minutes de vol et debriefing pour 1 personne. Vous pourrez ainsi voir la c\u00f4te depuis les airs !<\/p>\n<p data-start=\"101\" data-end=\"157\"><strong data-start=\"101\" data-end=\"151\">Vivez l\u2019\u00e9motion d\u2019un vol en avion l\u00e9gendaire !<\/strong> \u2708\ufe0f\u2728<\/p>\n<p data-start=\"159\" data-end=\"397\">Montez \u00e0 bord du <strong data-start=\"176\" data-end=\"192\">Piper J3 Cub<\/strong>, un avion mythique qui a marqu\u00e9 l\u2019histoire de l\u2019aviation. Offrez-vous une <strong data-start=\"267\" data-end=\"303\">exp\u00e9rience unique et inoubliable<\/strong>, en survolant des paysages magnifiques dans un avion l\u00e9ger, maniable et ouvert sur le ciel.<\/p>\n<p>Votre commande sera effective \u00e0 r\u00e9ception du r\u00e8glement, soit par voie postale, soit\u00a0 d\u00e9pos\u00e9 \u00e0 l&rsquo;a\u00e9roclub.<\/p>\n<p><strong>Vous pouvez t\u00e9l\u00e9charger l&rsquo;autorisation parentale pour les enfants mineurs en <a href=\"https:\/\/www.aeroclubdedax.fr\/wp-content\/uploads\/2019\/10\/autorisation-parentale.pdf\">cliquant sur ce lien<\/a><\/strong><\/p>\n<p><em>Aucun vol \u00e0 caract\u00e8re commercial ne sera r\u00e9alis\u00e9 !<\/em><\/p>\n<h1>\ud83c\udf81<\/h1>\n<p>Vous voulez faire une surprise, inscrivez votre mail \u00e0 la place de celui du destinataire!<\/p>\n<h6><em>(* champs obligatoires)<\/em><\/h6>\n<p><b>poids max 90kg<\/b><\/p>\n","protected":false},"featured_media":29,"comment_status":"closed","ping_status":"closed","template":"","meta":{"_et_pb_use_builder":"on","_et_pb_old_content":"<h3 data-start=\"144\" data-end=\"201\">\u2708\ufe0f Informations pratiques pour votre vol d\u00e9couverte<\/h3>\r\n<h4 data-start=\"203\" data-end=\"225\">\ud83d\udccd Lieu de d\u00e9part<\/h4>\r\n<ul data-start=\"226\" data-end=\"288\">\r\n \t<li data-start=\"226\" data-end=\"288\">\r\n<p data-start=\"228\" data-end=\"288\">A\u00e9rodrome de Dax<br data-start=\"244\" data-end=\"247\" \/>101 route de Tercis, 40100 DAX<\/p>\r\n<\/li>\r\n<\/ul>\r\n<h4 data-start=\"290\" data-end=\"310\">\ud83d\udcc5 Avant le vol<\/h4>\r\n<ul data-start=\"311\" data-end=\"542\">\r\n \t<li data-start=\"311\" data-end=\"375\">\r\n<p data-start=\"313\" data-end=\"375\">Les vols d\u00e9couvertes sont r\u00e9alis\u00e9s uniquement sur rendez-vous.<\/p>\r\n<\/li>\r\n \t<li data-start=\"376\" data-end=\"464\">\r\n<p data-start=\"378\" data-end=\"464\">Pour prendre rendez-vous, veuillez nous contacter par t\u00e9l\u00e9phone au <strong data-start=\"445\" data-end=\"463\">05 58 74 14 20<\/strong>.<\/p>\r\n<\/li>\r\n \t<li data-start=\"465\" data-end=\"542\">\r\n<p data-start=\"467\" data-end=\"542\">Lors de l\u2019appel, merci de <strong data-start=\"493\" data-end=\"541\">mentionner le num\u00e9ro de votre bon de bapt\u00eame<\/strong>.<\/p>\r\n<\/li>\r\n<\/ul>\r\n<h4 data-start=\"544\" data-end=\"568\">\ud83c\udf24 La veille du vol<\/h4>\r\n<ul data-start=\"569\" data-end=\"653\">\r\n \t<li data-start=\"569\" data-end=\"653\">\r\n<p data-start=\"571\" data-end=\"653\">En cas de doute concernant la m\u00e9t\u00e9o, contactez le club <strong data-start=\"626\" data-end=\"652\">avant de vous d\u00e9placer<\/strong>.<\/p>\r\n<\/li>\r\n<\/ul>\r\n<h4 data-start=\"655\" data-end=\"690\">\u2705 Conseils pour le jour du vol<\/h4>\r\n<ul data-start=\"691\" data-end=\"1129\">\r\n \t<li data-start=\"691\" data-end=\"755\">\r\n<p data-start=\"693\" data-end=\"755\">N\u2019oubliez pas vos <strong data-start=\"711\" data-end=\"733\">lunettes de soleil<\/strong> et une <strong data-start=\"741\" data-end=\"754\">casquette<\/strong>.<\/p>\r\n<\/li>\r\n \t<li data-start=\"840\" data-end=\"917\">\r\n<p data-start=\"842\" data-end=\"917\">Pr\u00e9sentez votre <strong data-start=\"858\" data-end=\"872\">bon de vol<\/strong> ainsi qu\u2019une <strong data-start=\"886\" data-end=\"906\">pi\u00e8ce d\u2019identit\u00e9<\/strong> au pilote.<\/p>\r\n<\/li>\r\n \t<li data-start=\"918\" data-end=\"1129\">\r\n<p data-start=\"920\" data-end=\"1129\">Pour les <strong data-start=\"929\" data-end=\"956\">mineurs non accompagn\u00e9s<\/strong> de leur repr\u00e9sentant l\u00e9gal ou tuteur, une <strong data-start=\"999\" data-end=\"1025\">autorisation parentale<\/strong> est obligatoire.<br data-start=\"1042\" data-end=\"1045\" \/>Vous pouvez la t\u00e9l\u00e9charger et la remplir \u00e0 l\u2019avance (document encadr\u00e9 disponible).<\/p>\r\n<\/li>\r\n<\/ul>\r\n<h4 data-start=\"1131\" data-end=\"1145\">\ud83d\udee9 Le vol<\/h4>\r\n<ul data-start=\"1146\" data-end=\"1333\">\r\n \t<li data-start=\"1146\" data-end=\"1178\">\r\n<p data-start=\"1148\" data-end=\"1178\"><strong data-start=\"1148\" data-end=\"1157\">Dur\u00e9e<\/strong> : 30 minutes maximum<\/p>\r\n<\/li>\r\n \t<li data-start=\"1179\" data-end=\"1217\">\r\n<p data-start=\"1181\" data-end=\"1217\"><strong data-start=\"1181\" data-end=\"1193\">Capacit\u00e9<\/strong> : 1 pilote + 1 passager<\/p>\r\n<\/li>\r\n \t<li data-start=\"1218\" data-end=\"1279\">\r\n<p data-start=\"1220\" data-end=\"1279\"><strong data-start=\"1220\" data-end=\"1232\">Remarque<\/strong> : toute <strong data-start=\"1241\" data-end=\"1279\">activit\u00e9 commerciale est interdite<\/strong><\/p>\r\n<\/li>\r\n \t<li data-start=\"1280\" data-end=\"1333\">\r\n<p data-start=\"1282\" data-end=\"1333\"><strong data-start=\"1282\" data-end=\"1304\">Appareils utilis\u00e9s<\/strong> : APM20 Lionceau ou PIPER J3<\/p>\r\n<\/li>\r\n<\/ul>","_et_gb_content_width":""},"product_brand":[],"product_cat":[22],"product_tag":[],"class_list":{"0":"post-124","1":"product","2":"type-product","3":"status-publish","4":"has-post-thumbnail","6":"product_cat-vol-decouverte","8":"first","9":"instock","10":"downloadable","11":"virtual","12":"sold-individually","13":"purchasable","14":"product-type-simple"},"_links":{"self":[{"href":"https:\/\/aeroclubdedax.fr\/index.php?rest_route=\/wp\/v2\/product\/124","targetHints":{"allow":["GET"]}}],"collection":[{"href":"https:\/\/aeroclubdedax.fr\/index.php?rest_route=\/wp\/v2\/product"}],"about":[{"href":"https:\/\/aeroclubdedax.fr\/index.php?rest_route=\/wp\/v2\/types\/product"}],"replies":[{"embeddable":true,"href":"https:\/\/aeroclubdedax.fr\/index.php?rest_route=%2Fwp%2Fv2%2Fcomments&post=124"}],"wp:featuredmedia":[{"embeddable":true,"href":"https:\/\/aeroclubdedax.fr\/index.php?rest_route=\/wp\/v2\/media\/29"}],"wp:attachment":[{"href":"https:\/\/aeroclubdedax.fr\/index.php?rest_route=%2Fwp%2Fv2%2Fmedia&parent=124"}],"wp:term":[{"taxonomy":"product_brand","embeddable":true,"href":"https:\/\/aeroclubdedax.fr\/index.php?rest_route=%2Fwp%2Fv2%2Fproduct_brand&post=124"},{"taxonomy":"product_cat","embeddable":true,"href":"https:\/\/aeroclubdedax.fr\/index.php?rest_route=%2Fwp%2Fv2%2Fproduct_cat&post=124"},{"taxonomy":"product_tag","embeddable":true,"href":"https:\/\/aeroclubdedax.fr\/index.php?rest_route=%2Fwp%2Fv2%2Fproduct_tag&post=124"}],"curies":[{"name":"wp","href":"https:\/\/api.w.org\/{rel}","templated":true}]}}