{"id":185,"date":"2025-07-23T18:45:57","date_gmt":"2025-07-23T18:45:57","guid":{"rendered":"https:\/\/aeroclubdedax.fr\/?page_id=185"},"modified":"2025-09-10T17:39:43","modified_gmt":"2025-09-10T17:39:43","slug":"nos-formations","status":"publish","type":"page","link":"https:\/\/aeroclubdedax.fr\/?page_id=185","title":{"rendered":"Nos formations"},"content":{"rendered":"<p>[et_pb_section fb_built=\u00a0\u00bb1&Prime; custom_padding_last_edited=\u00a0\u00bbon|phone\u00a0\u00bb admin_label=\u00a0\u00bbHeader\u00a0\u00bb _builder_version=\u00a0\u00bb4.27.4&Prime; _module_preset=\u00a0\u00bb2526d029-1076-4500-a36e-94f8c46cbaef\u00a0\u00bb background_enable_color=\u00a0\u00bboff\u00a0\u00bb use_background_color_gradient=\u00a0\u00bboff\u00a0\u00bb background_image=\u00a0\u00bbhttps:\/\/aeroclubdedax.fr\/wp-content\/uploads\/2025\/09\/IMG-20250910-WA0000.jpg\u00a0\u00bb background_position=\u00a0\u00bbtop_center\u00a0\u00bb custom_padding=\u00a0\u00bb20vw||0px||false|false\u00a0\u00bb custom_padding_tablet=\u00a0\u00bb20vw||0px||false|false\u00a0\u00bb custom_padding_phone=\u00a0\u00bb20vw||0px||false|false\u00a0\u00bb hover_enabled=\u00a0\u00bb0&Prime; global_colors_info=\u00a0\u00bb{}\u00a0\u00bb sticky_enabled=\u00a0\u00bb0&Prime; title_text=\u00a0\u00bbIMG-20250910-WA0000&Prime; min_height=\u00a0\u00bb700px\u00a0\u00bb][\/et_pb_section][et_pb_section fb_built=\u00a0\u00bb1&Prime; admin_label=\u00a0\u00bbListings\u00a0\u00bb _builder_version=\u00a0\u00bb4.25.2&Prime; _module_preset=\u00a0\u00bbdefault\u00a0\u00bb global_colors_info=\u00a0\u00bb{}\u00a0\u00bb][et_pb_row _builder_version=\u00a0\u00bb4.25.2&Prime; _module_preset=\u00a0\u00bbaa579341-8cbb-43dc-844e-56834c7b595c\u00a0\u00bb global_colors_info=\u00a0\u00bb{}\u00a0\u00bb][et_pb_column type=\u00a0\u00bb4_4&Prime; _builder_version=\u00a0\u00bb4.25.2&Prime; _module_preset=\u00a0\u00bbdefault\u00a0\u00bb global_colors_info=\u00a0\u00bb{}\u00a0\u00bb][et_pb_heading title=\u00a0\u00bbNotre \u00e9cole de pilotage\u00a0\u00bb _builder_version=\u00a0\u00bb4.27.4&Prime; _module_preset=\u00a0\u00bb28912267-d7cb-4899-9366-518c1dd90489&Prime; global_colors_info=\u00a0\u00bb{}\u00a0\u00bb][\/et_pb_heading][\/et_pb_column][\/et_pb_row][et_pb_row _builder_version=\u00a0\u00bb4.25.2&Prime; _module_preset=\u00a0\u00bbaa579341-8cbb-43dc-844e-56834c7b595c\u00a0\u00bb global_colors_info=\u00a0\u00bb{}\u00a0\u00bb][et_pb_column type=\u00a0\u00bb4_4&Prime; _builder_version=\u00a0\u00bb4.25.2&Prime; _module_preset=\u00a0\u00bbdefault\u00a0\u00bb global_colors_info=\u00a0\u00bb{}\u00a0\u00bb][et_pb_divider color=\u00a0\u00bb#000000&Prime; _builder_version=\u00a0\u00bb4.27.4&Prime; _module_preset=\u00a0\u00bbdefault\u00a0\u00bb global_colors_info=\u00a0\u00bb{}\u00a0\u00bb][\/et_pb_divider][et_pb_heading title=\u00a0\u00bbL&rsquo;A\u00e9roclub de Dax est reconnu comme un organisme de formation d\u00e9clar\u00e9 (DTO), garantissant des standards \u00e9lev\u00e9s en mati\u00e8re d&rsquo;enseignement et de s\u00e9curit\u00e9.\u00a0\u00bb _builder_version=\u00a0\u00bb4.27.4&Prime; _module_preset=\u00a0\u00bb28912267-d7cb-4899-9366-518c1dd90489&Prime; title_font_size=\u00a0\u00bb22px\u00a0\u00bb custom_margin=\u00a0\u00bb||23px|||\u00a0\u00bb global_colors_info=\u00a0\u00bb{}\u00a0\u00bb][\/et_pb_heading][et_pb_divider color=\u00a0\u00bb#000000&Prime; _builder_version=\u00a0\u00bb4.27.4&Prime; _module_preset=\u00a0\u00bbdefault\u00a0\u00bb custom_margin=\u00a0\u00bb||-11px|||\u00a0\u00bb global_colors_info=\u00a0\u00bb{}\u00a0\u00bb][\/et_pb_divider][\/et_pb_column][\/et_pb_row][et_pb_row column_structure=\u00a0\u00bb1_3,1_3,1_3&Prime; use_custom_gutter=\u00a0\u00bbon\u00a0\u00bb gutter_width=\u00a0\u00bb2&Prime; _builder_version=\u00a0\u00bb4.27.4&Prime; _module_preset=\u00a0\u00bbaa579341-8cbb-43dc-844e-56834c7b595c\u00a0\u00bb global_colors_info=\u00a0\u00bb{}\u00a0\u00bb][et_pb_column type=\u00a0\u00bb1_3&Prime; _builder_version=\u00a0\u00bb4.27.4&Prime; _module_preset=\u00a0\u00bbdefault\u00a0\u00bb custom_padding=\u00a0\u00bb||15px||false|false\u00a0\u00bb border_radii=\u00a0\u00bbon|15px|15px|15px|15px\u00a0\u00bb border_width_all=\u00a0\u00bb2px\u00a0\u00bb global_colors_info=\u00a0\u00bb{}\u00a0\u00bb][et_pb_image src=\u00a0\u00bbhttps:\/\/aeroclubdedax.fr\/wp-content\/uploads\/2025\/07\/bia.jpg\u00a0\u00bb title_text=\u00a0\u00bbbia\u00a0\u00bb _builder_version=\u00a0\u00bb4.27.4&Prime; _module_preset=\u00a0\u00bb4bdc0684-abc0-4e65-823b-da309a2e29f1&Prime; filter_saturate=\u00a0\u00bb100%\u00a0\u00bb global_colors_info=\u00a0\u00bb{}\u00a0\u00bb][\/et_pb_image][et_pb_heading title=\u00a0\u00bbBrevet d&rsquo;Initiation A\u00e9ronautique\u00a0\u00bb module_class=\u00a0\u00bbgras\u00a0\u00bb _builder_version=\u00a0\u00bb4.27.4&Prime; _module_preset=\u00a0\u00bbb3c4d3be-8549-49bc-9b46-855cd70ca9d7&Prime; title_text_color=\u00a0\u00bbgcid-53054839-b83d-4ef0-8659-8a010e6148fd\u00a0\u00bb custom_margin=\u00a0\u00bb||0px||false|false\u00a0\u00bb custom_padding=\u00a0\u00bb|10px||10px|false|false\u00a0\u00bb custom_css_free_form=\u00a0\u00bb.gras {||  font-weight: bold;||}\u00a0\u00bb global_colors_info=\u00a0\u00bb{%22gcid-53054839-b83d-4ef0-8659-8a010e6148fd%22:%91%22title_text_color%22%93}\u00a0\u00bb][\/et_pb_heading][et_pb_text _builder_version=\u00a0\u00bb4.27.4&Prime; _module_preset=\u00a0\u00bb74dfce03-adac-4fff-a092-bdd4d6ea1710&Prime; custom_padding=\u00a0\u00bb|10px||10px|false|false\u00a0\u00bb locked=\u00a0\u00bboff\u00a0\u00bb global_colors_info=\u00a0\u00bb{}\u00a0\u00bb]<\/p>\n<p><strong>Pour les jeunes\u00a0: le BIA (Brevet d&rsquo;Initiation A\u00e9ronautique)<\/strong><\/p>\n<p>Ce brevet th\u00e9orique est destin\u00e9 aux jeunes \u00e0 partir de 13 ans et s\u2019effectue dans le cadre d\u2019une convention sign\u00e9e entre l\u2019A\u00e9roclub et un \u00e9tablissement scolaire. Nous avons actuellement une convention avec 4 \u00e9tablissements scolaires dans l\u2019agglom\u00e9ration dacquoise. .<\/p>\n<p>Le BIA comporte une partie th\u00e9orique dans un \u00e9tablissement scolaire et une d\u00e9couverte du vol au sein de l\u2019A\u00e9roclub.<\/p>\n<p>La F\u00e9d\u00e9ration Fran\u00e7aise A\u00e9ronautique propose des bourses pour les jeunes de moins de 21 ans titulaires du BIA. Plus d\u2019info\u00a0<span><a href=\"https:\/\/www.ffa-aero.fr\/fr\/frm_decouvrir_aidesffapourjeunespilotes.awp\">ici<\/a><\/span><\/p>\n<p>[\/et_pb_text][\/et_pb_column][et_pb_column type=\u00a0\u00bb1_3&Prime; _builder_version=\u00a0\u00bb4.27.4&Prime; _module_preset=\u00a0\u00bbdefault\u00a0\u00bb border_radii=\u00a0\u00bboff|15px|15px|15px|15px\u00a0\u00bb border_width_all=\u00a0\u00bb2px\u00a0\u00bb global_colors_info=\u00a0\u00bb{}\u00a0\u00bb][et_pb_image src=\u00a0\u00bbhttps:\/\/aeroclubdedax.fr\/wp-content\/uploads\/2025\/07\/lapl.jpg\u00a0\u00bb title_text=\u00a0\u00bblapl\u00a0\u00bb _builder_version=\u00a0\u00bb4.27.4&Prime; _module_preset=\u00a0\u00bb4bdc0684-abc0-4e65-823b-da309a2e29f1&Prime; filter_saturate=\u00a0\u00bb100%\u00a0\u00bb global_colors_info=\u00a0\u00bb{}\u00a0\u00bb][\/et_pb_image][et_pb_heading title=\u00a0\u00bbLicence de Pilote d\u2019Avion L\u00e9ger\u00a0\u00bb module_class=\u00a0\u00bbgras\u00a0\u00bb _builder_version=\u00a0\u00bb4.27.4&Prime; _module_preset=\u00a0\u00bbb3c4d3be-8549-49bc-9b46-855cd70ca9d7&Prime; title_text_color=\u00a0\u00bbgcid-53054839-b83d-4ef0-8659-8a010e6148fd\u00a0\u00bb custom_margin=\u00a0\u00bb||0px||false|false\u00a0\u00bb custom_padding=\u00a0\u00bb|10px||10px|false|false\u00a0\u00bb custom_css_free_form=\u00a0\u00bb.gras {||  font-weight: bold;||}\u00a0\u00bb global_colors_info=\u00a0\u00bb{%22gcid-53054839-b83d-4ef0-8659-8a010e6148fd%22:%91%22title_text_color%22%93}\u00a0\u00bb][\/et_pb_heading][et_pb_text _builder_version=\u00a0\u00bb4.27.4&Prime; _module_preset=\u00a0\u00bb74dfce03-adac-4fff-a092-bdd4d6ea1710&Prime; custom_padding=\u00a0\u00bb|10px|15px|10px|false|false\u00a0\u00bb locked=\u00a0\u00bboff\u00a0\u00bb global_colors_info=\u00a0\u00bb{}\u00a0\u00bb]<\/p>\n<p>La Licence de Pilote Avion L\u00e9ger (licence europ\u00e9enne appel\u00e9e LAPL)\u00a0permet d\u00e8s 17 ans\u00a0de voler seul \u00e0 bord d\u2019un avion monomoteur partout en Europe, de jour, apr\u00e8s au moins 30 heures de vol\u00a0; puis apr\u00e8s 10 heures de vol suppl\u00e9mentaires, avec 3 passagers maximum.<\/p>\n<ul>\n<li><strong><em>Les conditions :<\/em><\/strong><\/li>\n<ul>\n<li>Avoir r\u00e9ussi l\u2019examen th\u00e9orique (valable 2 ans).<\/li>\n<li>Avoir 16 ans r\u00e9volus le jour du premier vol solo.<\/li>\n<li>Avoir 17 ans r\u00e9volus le jour de l\u2019examen.<\/li>\n<li>Avoir pass\u00e9 la visite m\u00e9dicale aupr\u00e8s d\u2019un m\u00e9decin agr\u00e9\u00e9 pour obtenir un certificat m\u00e9dical de classe 2.<\/li>\n<li>Totaliser au moins 30h de vol, dont<\/li>\n<ul>\n<li>15h de vol en double commande<\/li>\n<li>6h de vol solo incluant 3 navigations dont un voyage d\u2019au moins 80Nm avec atterrissage sur un autre a\u00e9rodrome.<\/li>\n<\/ul>\n<li>R\u00e9ussir le test d\u2019aptitude en vol, avec un instructeur examinateur.<\/li>\n<\/ul>\n<\/ul>\n<p>La Licence de Pilote Avion L\u00e9ger (LAPL) est un tremplin vers\u00a0la\u00a0Licence de Pilote Priv\u00e9 (PPL).\u00a0Une passerelle vous permettra d\u2019acc\u00e9der \u00e0 la Licence PPL en justifiant d\u2019au moins 15h de vol depuis la d\u00e9livrance de la Licence LAPL, dont 10h en instruction. Ces 10h d\u2019instruction devront comprendre au moins 4h de vol solo et une navigation de 150Nm minimum, avec atterrissage sur 2 a\u00e9rodromes diff\u00e9rents.<\/p>\n<p>[\/et_pb_text][\/et_pb_column][et_pb_column type=\u00a0\u00bb1_3&Prime; _builder_version=\u00a0\u00bb4.27.4&Prime; _module_preset=\u00a0\u00bbdefault\u00a0\u00bb border_radii=\u00a0\u00bbon|15px|15px|15px|15px\u00a0\u00bb border_width_all=\u00a0\u00bb2px\u00a0\u00bb global_colors_info=\u00a0\u00bb{}\u00a0\u00bb][et_pb_image src=\u00a0\u00bbhttps:\/\/aeroclubdedax.fr\/wp-content\/uploads\/2025\/07\/ppl.jpg\u00a0\u00bb title_text=\u00a0\u00bbppl\u00a0\u00bb _builder_version=\u00a0\u00bb4.27.4&Prime; _module_preset=\u00a0\u00bb4bdc0684-abc0-4e65-823b-da309a2e29f1&Prime; filter_saturate=\u00a0\u00bb100%\u00a0\u00bb global_colors_info=\u00a0\u00bb{}\u00a0\u00bb][\/et_pb_image][et_pb_heading title=\u00a0\u00bbLicence de Pilote Priv\u00e9\u00a0\u00bb module_class=\u00a0\u00bbgras\u00a0\u00bb _builder_version=\u00a0\u00bb4.27.4&Prime; _module_preset=\u00a0\u00bbb3c4d3be-8549-49bc-9b46-855cd70ca9d7&Prime; title_text_color=\u00a0\u00bbgcid-53054839-b83d-4ef0-8659-8a010e6148fd\u00a0\u00bb custom_margin=\u00a0\u00bb||0px||false|false\u00a0\u00bb custom_padding=\u00a0\u00bb|10px||10px|false|false\u00a0\u00bb custom_css_free_form=\u00a0\u00bb.gras {||  font-weight: bold;||}\u00a0\u00bb global_colors_info=\u00a0\u00bb{%22gcid-53054839-b83d-4ef0-8659-8a010e6148fd%22:%91%22title_text_color%22%93}\u00a0\u00bb][\/et_pb_heading][et_pb_text _builder_version=\u00a0\u00bb4.27.4&Prime; _module_preset=\u00a0\u00bb74dfce03-adac-4fff-a092-bdd4d6ea1710&Prime; custom_padding=\u00a0\u00bb|10px|15px|10px|false|false\u00a0\u00bb global_colors_info=\u00a0\u00bb{}\u00a0\u00bb]<\/p>\n<p>La licence de pilote priv\u00e9 (appel\u00e9e PPL) permet de voyager et d\u2019emporter sans r\u00e9mun\u00e9ration des passagers sans limitation de distance.<\/p>\n<ul>\n<li><strong><em>Les conditions :<\/em><\/strong><\/li>\n<ul>\n<li>Avoir r\u00e9ussi l\u2019examen th\u00e9orique (valable 2ans).<\/li>\n<li>Avoir 16 ans r\u00e9volus le jour du premier vol solo.<\/li>\n<li>Avoir 17 ans r\u00e9volus le jour de l\u2019examen.<\/li>\n<li>Avoir pass\u00e9 la visite m\u00e9dicale aupr\u00e8s d\u2019un m\u00e9decin agr\u00e9\u00e9 pour obtenir un certificat m\u00e9dical de classe 2.<\/li>\n<li>Totaliser au moins 45h de vol, dont\u00a0:<\/li>\n<ul>\n<li>25h de vol en double commande\u00a0;<\/li>\n<li>10h de vol solo incluant 5h de vol en voyage, et un vol d\u2019au moins 150Nm avec atterrissage sur deux a\u00e9rodromes diff\u00e9rents.<\/li>\n<\/ul>\n<li>R\u00e9ussir le test d\u2019aptitude en vol, avec un examinateur.<\/li>\n<\/ul>\n<\/ul>\n<p>La licence de Pilote Priv\u00e9 (PPL) permet de voler de jour, \u00e0 vue.<\/p>\n<p>Le PPL permet par la suite d\u2019acc\u00e9der \u00e0 des brevets et qualifications suppl\u00e9mentaires (voltige, hydraviation, carri\u00e8re de pilote professionnel, etc\u2026)<\/p>\n<p>[\/et_pb_text][\/et_pb_column][\/et_pb_row][\/et_pb_section]<\/p>\n","protected":false},"excerpt":{"rendered":"<p>Pour les jeunes\u00a0: le BIA (Brevet d&rsquo;Initiation A\u00e9ronautique) Ce brevet th\u00e9orique est destin\u00e9 aux jeunes \u00e0 partir de 13 ans et s\u2019effectue dans le cadre d\u2019une convention sign\u00e9e entre l\u2019A\u00e9roclub et un \u00e9tablissement scolaire. Nous avons actuellement une convention avec 4 \u00e9tablissements scolaires dans l\u2019agglom\u00e9ration dacquoise. . Le BIA comporte une partie th\u00e9orique dans un [&hellip;]<\/p>\n","protected":false},"author":1,"featured_media":0,"parent":0,"menu_order":0,"comment_status":"closed","ping_status":"closed","template":"","meta":{"_et_pb_use_builder":"on","_et_pb_old_content":"","_et_gb_content_width":"","footnotes":""},"class_list":["post-185","page","type-page","status-publish","hentry"],"_links":{"self":[{"href":"https:\/\/aeroclubdedax.fr\/index.php?rest_route=\/wp\/v2\/pages\/185","targetHints":{"allow":["GET"]}}],"collection":[{"href":"https:\/\/aeroclubdedax.fr\/index.php?rest_route=\/wp\/v2\/pages"}],"about":[{"href":"https:\/\/aeroclubdedax.fr\/index.php?rest_route=\/wp\/v2\/types\/page"}],"author":[{"embeddable":true,"href":"https:\/\/aeroclubdedax.fr\/index.php?rest_route=\/wp\/v2\/users\/1"}],"replies":[{"embeddable":true,"href":"https:\/\/aeroclubdedax.fr\/index.php?rest_route=%2Fwp%2Fv2%2Fcomments&post=185"}],"version-history":[{"count":19,"href":"https:\/\/aeroclubdedax.fr\/index.php?rest_route=\/wp\/v2\/pages\/185\/revisions"}],"predecessor-version":[{"id":315,"href":"https:\/\/aeroclubdedax.fr\/index.php?rest_route=\/wp\/v2\/pages\/185\/revisions\/315"}],"wp:attachment":[{"href":"https:\/\/aeroclubdedax.fr\/index.php?rest_route=%2Fwp%2Fv2%2Fmedia&parent=185"}],"curies":[{"name":"wp","href":"https:\/\/api.w.org\/{rel}","templated":true}]}}